{"id":244,"date":"2024-04-09T18:57:06","date_gmt":"2024-04-09T16:57:06","guid":{"rendered":"https:\/\/geneagesves.eu\/home\/?page_id=244"},"modified":"2025-07-10T12:01:58","modified_gmt":"2025-07-10T10:01:58","slug":"adhesion","status":"publish","type":"page","link":"https:\/\/geneagesves.eu\/home\/adhesion\/","title":{"rendered":"Adh\u00e9sion"},"content":{"rendered":"\n<blockquote class=\"wp-block-quote is-layout-flow wp-block-quote-is-layout-flow\">\n<p class=\"has-medium-font-size\"><strong>La cotisation&nbsp;<em>annuelle<\/em>&nbsp;donne acc\u00e8s&nbsp;\u00e0 notre&nbsp;<a href=\"https:\/\/geneagesves.eu\/actes\/\" target=\"_blank\" rel=\"noreferrer noopener\">Expoactes<\/a>&nbsp;am\u00e9lior\u00e9 \u00a9<\/strong> G\u00e9n\u00e9agesves <strong>et&nbsp;\u00e0 notre base de donn\u00e9es de photos concernant les notaires, faire-part, actes, \u00e9chevinages &#8230;&nbsp;<a href=\"https:\/\/geneagesves.eu\/geneagesvesplus\/\" target=\"_blank\" rel=\"noreferrer noopener\">Gen\u00e9agesvesPlus<\/a><\/strong><\/p>\n\n\n\n<p class=\"has-small-font-size\"><strong>Paiement de 25\u20ac \u00e0 fin d&rsquo;ann\u00e9e pour l&rsquo;ann\u00e9e suivante<\/strong> (*)<br>(Paypal n&rsquo;est plus accept\u00e9)<\/p>\n\n\n\n<p class=\"has-medium-font-size\"><strong>Pour nos membres Belges : Compte BE85 0004 1300 7206<\/strong><br><strong>Pour nos membres \u00e9trangers : IBAN : BE85 0004 1300\u00a07206<\/strong><br><strong>BIC : GEBABEBB<\/strong><br><strong><em>Renseigner nom\/pr\u00e9nom\/mail ainsi que la province ou assimil\u00e9 du membre<\/em><\/strong><\/p>\n\n\n\n<p class=\"has-medium-font-size\"><strong><em>En cas de probl\u00e8me informatique ou autre, aucun remboursement n&rsquo;est d\u00fb<\/em><\/strong><\/p>\n\n\n\n<p class=\"has-medium-font-size\"><strong>Renseignements aupr\u00e8s de <\/strong><a href=\"mailto:tresorier@geneagesves.eu?subject=Geneagesves%20|%20demande%20d%27adhesion\" target=\"_blank\" rel=\"noreferrer noopener\">tresorier@geneagesves.eu<\/a><\/p>\n\n\n\n<p class=\"has-medium-font-size\"><em>(*) le paiement int\u00e9gral reste d\u00fb jusqu&rsquo;\u00e0 fin novembre de l&rsquo;ann\u00e9e en cours<\/em><\/p>\n<\/blockquote>\n\n\n\n<blockquote class=\"wp-block-quote is-layout-flow wp-block-quote-is-layout-flow\">\n<p class=\"has-medium-font-size\" style=\"margin-top:var(--wp--preset--spacing--20);margin-bottom:var(--wp--preset--spacing--20);padding-top:0;padding-bottom:0\"><strong><em>Nous offrons aux encodeurs l\u2019acc\u00e8s gratuit \u00e0 nos deux bases de donn\u00e9es<\/em><\/strong> \ud83d\ude0a<\/p>\n<\/blockquote>\n","protected":false},"excerpt":{"rendered":"<p>La cotisation&nbsp;annuelle&nbsp;donne acc\u00e8s&nbsp;\u00e0 notre&nbsp;Expoactes&nbsp;am\u00e9lior\u00e9 \u00a9 G\u00e9n\u00e9agesves et&nbsp;\u00e0 notre base de donn\u00e9es de photos concernant les notaires, faire-part, actes, \u00e9chevinages &#8230;&nbsp;Gen\u00e9agesvesPlus Paiement de 25\u20ac \u00e0 fin d&rsquo;ann\u00e9e pour l&rsquo;ann\u00e9e suivante (*)(Paypal n&rsquo;est plus accept\u00e9) Pour nos membres Belges : Compte BE85 0004 1300 7206Pour nos membres \u00e9trangers : IBAN : BE85 0004 1300\u00a07206BIC : GEBABEBBRenseigner nom\/pr\u00e9nom\/mail [&hellip;]<\/p>\n","protected":false},"author":1,"featured_media":0,"parent":0,"menu_order":0,"comment_status":"closed","ping_status":"closed","template":"","meta":{"_seopress_robots_primary_cat":"","_seopress_titles_title":"","_seopress_titles_desc":"","_seopress_robots_index":"","footnotes":""},"class_list":["post-244","page","type-page","status-publish","hentry"],"_links":{"self":[{"href":"https:\/\/geneagesves.eu\/home\/wp-json\/wp\/v2\/pages\/244","targetHints":{"allow":["GET"]}}],"collection":[{"href":"https:\/\/geneagesves.eu\/home\/wp-json\/wp\/v2\/pages"}],"about":[{"href":"https:\/\/geneagesves.eu\/home\/wp-json\/wp\/v2\/types\/page"}],"author":[{"embeddable":true,"href":"https:\/\/geneagesves.eu\/home\/wp-json\/wp\/v2\/users\/1"}],"replies":[{"embeddable":true,"href":"https:\/\/geneagesves.eu\/home\/wp-json\/wp\/v2\/comments?post=244"}],"version-history":[{"count":9,"href":"https:\/\/geneagesves.eu\/home\/wp-json\/wp\/v2\/pages\/244\/revisions"}],"predecessor-version":[{"id":10550,"href":"https:\/\/geneagesves.eu\/home\/wp-json\/wp\/v2\/pages\/244\/revisions\/10550"}],"wp:attachment":[{"href":"https:\/\/geneagesves.eu\/home\/wp-json\/wp\/v2\/media?parent=244"}],"curies":[{"name":"wp","href":"https:\/\/api.w.org\/{rel}","templated":true}]}}