{"id":376,"date":"2024-04-16T12:24:06","date_gmt":"2024-04-16T10:24:06","guid":{"rendered":"https:\/\/geneagesves.eu\/home\/?page_id=376"},"modified":"2024-04-16T12:41:13","modified_gmt":"2024-04-16T10:41:13","slug":"mises-a-jour-forum","status":"publish","type":"page","link":"https:\/\/geneagesves.eu\/home\/mises-a-jour-forum\/","title":{"rendered":"Extraits forum"},"content":{"rendered":"\n<p class=\"has-large-font-size\"><strong>Extraits des 20 derniers messages du <em>NOUVEAU <\/em>forum<\/strong><\/p>\n\n\n\n<p class=\"has-small-font-size\" style=\"line-height:1\"><em><strong>Pour lire les 20 derniers messages complets ci-dessous, pas besoin de s&rsquo;inscrire sur le nouveau foru<\/strong><\/em><strong><em>m, il suffit de cliquer sur le sujet<\/em><\/strong><\/p>\n\n\n\n<p class=\"has-small-font-size\" style=\"line-height:1\">Pour lire plus que les 20 derniers messages, il faut \u00eatre inscrit (tout comme pour pouvoir publier)<\/p>\n\n\n\n<p class=\"has-small-font-size\" style=\"line-height:1\">Pour pouvoir publier un sujet, il faut \u00eatre inscrit : Menu ci-dessus \u00ab\u00a0<strong>Forum\/Nouveau forum<\/strong>\u00a0\u00bb &#8211; Lire \u00ab\u00a0<strong>A lire\/Pr\u00e9sentation<\/strong>\u00ab\u00a0<\/p>\n\n\n\n<p class=\"has-small-font-size\" style=\"line-height:1\">Apr\u00e8s vous \u00eatre inscrit, allez sur \u00ab\u00a0<strong>Connexion<\/strong>\u00a0\u00bb et cocher le case \u00ab\u00a0<strong>se souvenir de moi<\/strong>\u00a0\u00bb (utilisateur\/mot de passe en m\u00e9moire)<\/p>\n\n\n\n<p class=\"has-small-font-size\" style=\"line-height:1\">Pour publier un \u00ab\u00a0<strong>Nouveau sujet<\/strong>\u00ab\u00a0, choisissez le (sous-)forum correspondant et mettez le titre du sujet le plus explicite possible.<\/p>\n\n\n\n<p class=\"has-small-font-size\" style=\"line-height:1\">Ne vous inqui\u00e9tez pas, un mod\u00e9rateur peut changer le titre et le (sous-)forum choisi.<\/p>\n\n\n\n<p class=\"has-small-font-size\"><strong>Un sujet non r\u00e9solu aujourd&rsquo;hui pourra l&rsquo;\u00eatre demain : vu qu&rsquo;il sera bien cat\u00e9goris\u00e9 (contrairement au Google Groupe)<\/strong><\/p>\n\n\n\n<hr class=\"wp-block-separator has-alpha-channel-opacity\"\/>\n\n\n\n<p>Mises \u00e0 jour toutes les <strong>5 \u00e0 10&prime; <\/strong>&#8211; cliquer sur le message qui vous int\u00e9resse<\/p>\n\n\n\n<div class=\"wp-block-columns is-layout-flex wp-container-core-columns-is-layout-28f84493 wp-block-columns-is-layout-flex\">\n<div class=\"wp-block-column is-layout-flow wp-block-column-is-layout-flow\" style=\"flex-basis:100%\"><div class=\"wp-rss-template-container\" data-wpra-template=\"default\" data-template-ctx=\"eyJsaW1pdCI6MTAsImlzQWxsIjp0cnVlLCJ0ZW1wbGF0ZSI6ImRlZmF1bHQiLCJwYWdpbmF0aW9uIjp0cnVlfQ==\">\n    <div class=\"wp-rss-aggregator wpra-list-template  \" data-page=\"1\">\n    \n    \n<ul class=\"wpra-item-list rss-aggregator wpra-item-list--bullets wpra-item-list--default\"\n    start=\"1\">\n                        <li class=\"wpra-item feed-item \">\n            \n            \n\n    <a  href=\"https:\/\/geneagesves.eu\/forums\/viewtopic.php?p=436#p436\" target=\"_blank\" rel=\"nofollow\" class=\"\">2025 \u2022 \u0421\u0435\u043e<\/a>\n\n\n\n\n\n\n<div class=\"wprss-feed-meta\">\n    \n            <span class=\"feed-date\">\n            Publi\u00e9 le 17-05-2026\n        <\/span>\n    \n            <span class=\"feed-author\">\n            par JosephWiz\n        <\/span>\n    <\/div>\n\n\n\n\n\n            \n        <\/li>\n                    <li class=\"wpra-item feed-item \">\n            \n            \n\n    <a  href=\"https:\/\/geneagesves.eu\/forums\/viewtopic.php?p=435#p435\" target=\"_blank\" rel=\"nofollow\" class=\"\">2025 \u2022 \u041e\u0431\u0440\u0430\u0442\u043d\u044b\u0435 \u0441\u0441\u044b\u043b\u043a\u0438. \u041f\u0440\u043e\u0432\u0435\u0440\u044e \u0441\u0441\u044b\u043b\u043a\u0438 \u043d\u0430 \u0410\u0413\u0421, \u0418\u041a\u0421<\/a>\n\n\n\n\n\n\n<div class=\"wprss-feed-meta\">\n    \n            <span class=\"feed-date\">\n            Publi\u00e9 le 17-05-2026\n        <\/span>\n    \n            <span class=\"feed-author\">\n            par JosephWiz\n        <\/span>\n    <\/div>\n\n\n\n\n\n            \n        <\/li>\n                    <li class=\"wpra-item feed-item \">\n            \n            \n\n    <a  href=\"https:\/\/geneagesves.eu\/forums\/viewtopic.php?p=434#p434\" target=\"_blank\" rel=\"nofollow\" class=\"\">2025 \u2022 fast indexing windows download<\/a>\n\n\n\n\n\n\n<div class=\"wprss-feed-meta\">\n    \n            <span class=\"feed-date\">\n            Publi\u00e9 le 17-05-2026\n        <\/span>\n    \n            <span class=\"feed-author\">\n            par JosephWiz\n        <\/span>\n    <\/div>\n\n\n\n\n\n            \n        <\/li>\n                    <li class=\"wpra-item feed-item \">\n            \n            \n\n    <a  href=\"https:\/\/geneagesves.eu\/forums\/viewtopic.php?p=433#p433\" target=\"_blank\" rel=\"nofollow\" class=\"\">2025 \u2022 fast indexing tool free<\/a>\n\n\n\n\n\n\n<div class=\"wprss-feed-meta\">\n    \n            <span class=\"feed-date\">\n            Publi\u00e9 le 17-05-2026\n        <\/span>\n    \n            <span class=\"feed-author\">\n            par JosephWiz\n        <\/span>\n    <\/div>\n\n\n\n\n\n            \n        <\/li>\n                    <li class=\"wpra-item feed-item \">\n            \n            \n\n    <a  href=\"https:\/\/geneagesves.eu\/forums\/viewtopic.php?p=432#p432\" target=\"_blank\" rel=\"nofollow\" class=\"\">2025 \u2022 fast indexing windows download<\/a>\n\n\n\n\n\n\n<div class=\"wprss-feed-meta\">\n    \n            <span class=\"feed-date\">\n            Publi\u00e9 le 17-05-2026\n        <\/span>\n    \n            <span class=\"feed-author\">\n            par JosephWiz\n        <\/span>\n    <\/div>\n\n\n\n\n\n            \n        <\/li>\n                    <li class=\"wpra-item feed-item \">\n            \n            \n\n    <a  href=\"https:\/\/geneagesves.eu\/forums\/viewtopic.php?p=431#p431\" target=\"_blank\" rel=\"nofollow\" class=\"\">2025 \u2022 fast indexing of links using<\/a>\n\n\n\n\n\n\n<div class=\"wprss-feed-meta\">\n    \n            <span class=\"feed-date\">\n            Publi\u00e9 le 17-05-2026\n        <\/span>\n    \n            <span class=\"feed-author\">\n            par JosephWiz\n        <\/span>\n    <\/div>\n\n\n\n\n\n            \n        <\/li>\n                    <li class=\"wpra-item feed-item \">\n            \n            \n\n    <a  href=\"https:\/\/geneagesves.eu\/forums\/viewtopic.php?p=430#p430\" target=\"_blank\" rel=\"nofollow\" class=\"\">2025 \u2022 speed index wordpress plugin<\/a>\n\n\n\n\n\n\n<div class=\"wprss-feed-meta\">\n    \n            <span class=\"feed-date\">\n            Publi\u00e9 le 17-05-2026\n        <\/span>\n    \n            <span class=\"feed-author\">\n            par JosephWiz\n        <\/span>\n    <\/div>\n\n\n\n\n\n            \n        <\/li>\n                    <li class=\"wpra-item feed-item \">\n            \n            \n\n    <a  href=\"https:\/\/geneagesves.eu\/forums\/viewtopic.php?p=429#p429\" target=\"_blank\" rel=\"nofollow\" class=\"\">2025 \u2022 speed index how to fix<\/a>\n\n\n\n\n\n\n<div class=\"wprss-feed-meta\">\n    \n            <span class=\"feed-date\">\n            Publi\u00e9 le 17-05-2026\n        <\/span>\n    \n            <span class=\"feed-author\">\n            par JosephWiz\n        <\/span>\n    <\/div>\n\n\n\n\n\n            \n        <\/li>\n                    <li class=\"wpra-item feed-item \">\n            \n            \n\n    <a  href=\"https:\/\/geneagesves.eu\/forums\/viewtopic.php?p=428#p428\" target=\"_blank\" rel=\"nofollow\" class=\"\">2025 \u2022 fast-track indexing<\/a>\n\n\n\n\n\n\n<div class=\"wprss-feed-meta\">\n    \n            <span class=\"feed-date\">\n            Publi\u00e9 le 17-05-2026\n        <\/span>\n    \n            <span class=\"feed-author\">\n            par JosephWiz\n        <\/span>\n    <\/div>\n\n\n\n\n\n            \n        <\/li>\n                    <li class=\"wpra-item feed-item \">\n            \n            \n\n    <a  href=\"https:\/\/geneagesves.eu\/forums\/viewtopic.php?p=427#p427\" target=\"_blank\" rel=\"nofollow\" class=\"\">2025 \u2022 fast indexing of linksoul<\/a>\n\n\n\n\n\n\n<div class=\"wprss-feed-meta\">\n    \n            <span class=\"feed-date\">\n            Publi\u00e9 le 17-05-2026\n        <\/span>\n    \n            <span class=\"feed-author\">\n            par JosephWiz\n        <\/span>\n    <\/div>\n\n\n\n\n\n            \n        <\/li>\n        <\/ul>\n\n            <div class=\"nav-links\">\n            <div class=\"nav-previous alignleft\">\n            <a data-wpra-shortcode=\"shortcode\" data-wpra-page=\"2\">\n                Older posts            <\/a>\n        <\/div>\n        <\/div>\n\n        \n<\/div>\n\n<\/div>\n<\/div>\n<\/div>\n","protected":false},"excerpt":{"rendered":"<p>Extraits des 20 derniers messages du NOUVEAU forum Pour lire les 20 derniers messages complets ci-dessous, pas besoin de s&rsquo;inscrire sur le nouveau forum, il suffit de cliquer sur le sujet Pour lire plus que les 20 derniers messages, il faut \u00eatre inscrit (tout comme pour pouvoir publier) Pour pouvoir publier un sujet, il faut [&hellip;]<\/p>\n","protected":false},"author":1,"featured_media":0,"parent":0,"menu_order":0,"comment_status":"closed","ping_status":"closed","template":"","meta":{"_seopress_robots_primary_cat":"","_seopress_titles_title":"","_seopress_titles_desc":"","_seopress_robots_index":"","_seopress_analysis_target_kw":"","footnotes":""},"class_list":["post-376","page","type-page","status-publish","hentry"],"_links":{"self":[{"href":"https:\/\/geneagesves.eu\/home\/wp-json\/wp\/v2\/pages\/376","targetHints":{"allow":["GET"]}}],"collection":[{"href":"https:\/\/geneagesves.eu\/home\/wp-json\/wp\/v2\/pages"}],"about":[{"href":"https:\/\/geneagesves.eu\/home\/wp-json\/wp\/v2\/types\/page"}],"author":[{"embeddable":true,"href":"https:\/\/geneagesves.eu\/home\/wp-json\/wp\/v2\/users\/1"}],"replies":[{"embeddable":true,"href":"https:\/\/geneagesves.eu\/home\/wp-json\/wp\/v2\/comments?post=376"}],"version-history":[{"count":4,"href":"https:\/\/geneagesves.eu\/home\/wp-json\/wp\/v2\/pages\/376\/revisions"}],"predecessor-version":[{"id":389,"href":"https:\/\/geneagesves.eu\/home\/wp-json\/wp\/v2\/pages\/376\/revisions\/389"}],"wp:attachment":[{"href":"https:\/\/geneagesves.eu\/home\/wp-json\/wp\/v2\/media?parent=376"}],"curies":[{"name":"wp","href":"https:\/\/api.w.org\/{rel}","templated":true}]}}