{"id":383,"date":"2024-04-16T12:36:03","date_gmt":"2024-04-16T10:36:03","guid":{"rendered":"https:\/\/geneagesves.eu\/home\/?page_id=383"},"modified":"2024-04-16T12:39:49","modified_gmt":"2024-04-16T10:39:49","slug":"total-expoactes","status":"publish","type":"page","link":"https:\/\/geneagesves.eu\/home\/total-expoactes\/","title":{"rendered":"Total des relev\u00e9s"},"content":{"rendered":"\n<p class=\"has-text-align-center\"><strong>Total des \u00e9v\u00e8nements par paroisse suite \u00e0 mises en ligne ou modifications Expoactes<\/strong><\/p>\n\n\n\n<p class=\"has-text-align-center has-medium-font-size\" style=\"margin-top:0;margin-bottom:0\"><strong>(mises \u00e0 jour tous les jours)<\/strong><\/p>\n\n\n\n<p class=\"has-text-align-center\"><strong>Cliquer sur la paroisse\/\u00e9v\u00e8nement qui vous int\u00e9resse <\/strong><\/p>\n\n\n\n<hr class=\"wp-block-separator has-alpha-channel-opacity\"\/>\n\n\n<ul class=\"has-dates has-excerpts wp-block-rss\"><li class='wp-block-rss__item'><div class='wp-block-rss__item-title'><a href='https:\/\/geneagesves.eu\/actes\/tab_naiss.php?args=VEZIN+%5BNAMUR%5D'>VEZIN [NAMUR] : Naissances\/Bapt\u00eames<\/a><\/div><time datetime=\"2026-05-01T12:00:00+02:00\" class=\"wp-block-rss__item-publish-date\">1 mai 2026<\/time> <div class=\"wp-block-rss__item-excerpt\">6497 Naissances\/Bapt\u00eames de 1637 \u00e0 1924<\/div><\/li><li class='wp-block-rss__item'><div class='wp-block-rss__item-title'><a href='https:\/\/geneagesves.eu\/actes\/tab_deces.php?args=Evelette+%5BNamur%5D'>Evelette [Namur] : D\u00e9c\u00e8s\/S\u00e9pultures<\/a><\/div><time datetime=\"2026-04-25T12:00:00+02:00\" class=\"wp-block-rss__item-publish-date\">25 avril 2026<\/time> <div class=\"wp-block-rss__item-excerpt\">2369 D\u00e9c\u00e8s\/S\u00e9pultures de 1001 \u00e0 1920<\/div><\/li><li class='wp-block-rss__item'><div class='wp-block-rss__item-title'><a href='https:\/\/geneagesves.eu\/actes\/tab_mari.php?args=Evelette+%5BNamur%5D'>Evelette [Namur] : Mariages<\/a><\/div><time datetime=\"2026-04-18T12:00:00+02:00\" class=\"wp-block-rss__item-publish-date\">18 avril 2026<\/time> <div class=\"wp-block-rss__item-excerpt\">997 Mariages de 1678 \u00e0 1920<\/div><\/li><li class='wp-block-rss__item'><div class='wp-block-rss__item-title'><a href='https:\/\/geneagesves.eu\/actes\/tab_naiss.php?args=Evelette+%5BNamur%5D'>Evelette [Namur] : Naissances\/Bapt\u00eames<\/a><\/div><time datetime=\"2026-04-10T12:00:00+02:00\" class=\"wp-block-rss__item-publish-date\">10 avril 2026<\/time> <div class=\"wp-block-rss__item-excerpt\">4175 Naissances\/Bapt\u00eames de 1001 \u00e0 1920<\/div><\/li><li class='wp-block-rss__item'><div class='wp-block-rss__item-title'><a href='https:\/\/geneagesves.eu\/actes\/tab_deces.php?args=Sombreffe+%5BNamur%5D'>Sombreffe [Namur] : D\u00e9c\u00e8s\/S\u00e9pultures<\/a><\/div><time datetime=\"2026-04-05T12:00:00+02:00\" class=\"wp-block-rss__item-publish-date\">5 avril 2026<\/time> <div class=\"wp-block-rss__item-excerpt\">4731 D\u00e9c\u00e8s\/S\u00e9pultures de 1604 \u00e0 1875<\/div><\/li><li class='wp-block-rss__item'><div class='wp-block-rss__item-title'><a href='https:\/\/geneagesves.eu\/actes\/tab_naiss.php?args=Lustin+%5BNamur%5D'>Lustin [Namur] : Naissances\/Bapt\u00eames<\/a><\/div><time datetime=\"2026-04-02T12:00:00+02:00\" class=\"wp-block-rss__item-publish-date\">2 avril 2026<\/time> <div class=\"wp-block-rss__item-excerpt\">3820 Naissances\/Bapt\u00eames de 1662 \u00e0 1880<\/div><\/li><li class='wp-block-rss__item'><div class='wp-block-rss__item-title'><a href='https:\/\/geneagesves.eu\/actes\/tab_mari.php?args=Lustin+%5BNamur%5D'>Lustin [Namur] : Mariages<\/a><\/div><time datetime=\"2026-04-02T12:00:00+02:00\" class=\"wp-block-rss__item-publish-date\">2 avril 2026<\/time> <div class=\"wp-block-rss__item-excerpt\">841 Mariages de 1670 \u00e0 1880<\/div><\/li><li class='wp-block-rss__item'><div class='wp-block-rss__item-title'><a href='https:\/\/geneagesves.eu\/actes\/tab_deces.php?args=Lustin+%5BNamur%5D'>Lustin [Namur] : D\u00e9c\u00e8s\/S\u00e9pultures<\/a><\/div><time datetime=\"2026-04-02T12:00:00+02:00\" class=\"wp-block-rss__item-publish-date\">2 avril 2026<\/time> <div class=\"wp-block-rss__item-excerpt\">2200 D\u00e9c\u00e8s\/S\u00e9pultures de 1670 \u00e0 1880<\/div><\/li><li class='wp-block-rss__item'><div class='wp-block-rss__item-title'><a href='https:\/\/geneagesves.eu\/actes\/tab_deces.php?args=Ampsin+%5BLi%C3%A8ge%5D'>Ampsin [Li\u00e8ge] : D\u00e9c\u00e8s\/S\u00e9pultures<\/a><\/div><time datetime=\"2026-03-25T13:00:00+01:00\" class=\"wp-block-rss__item-publish-date\">25 mars 2026<\/time> <div class=\"wp-block-rss__item-excerpt\">3690 D\u00e9c\u00e8s\/S\u00e9pultures de 1607 \u00e0 1920<\/div><\/li><li class='wp-block-rss__item'><div class='wp-block-rss__item-title'><a href='https:\/\/geneagesves.eu\/actes\/tab_naiss.php?args=Ampsin+%5BLi%C3%A8ge%5D'>Ampsin [Li\u00e8ge] : Naissances\/Bapt\u00eames<\/a><\/div><time datetime=\"2026-03-25T13:00:00+01:00\" class=\"wp-block-rss__item-publish-date\">25 mars 2026<\/time> <div class=\"wp-block-rss__item-excerpt\">5731 Naissances\/Bapt\u00eames de 1750 \u00e0 1920<\/div><\/li><\/ul>","protected":false},"excerpt":{"rendered":"<p>Total des \u00e9v\u00e8nements par paroisse suite \u00e0 mises en ligne ou modifications Expoactes (mises \u00e0 jour tous les jours) Cliquer sur la paroisse\/\u00e9v\u00e8nement qui vous int\u00e9resse<\/p>\n","protected":false},"author":1,"featured_media":0,"parent":0,"menu_order":0,"comment_status":"closed","ping_status":"closed","template":"","meta":{"_seopress_robots_primary_cat":"","_seopress_titles_title":"","_seopress_titles_desc":"","_seopress_robots_index":"","footnotes":""},"class_list":["post-383","page","type-page","status-publish","hentry"],"_links":{"self":[{"href":"https:\/\/geneagesves.eu\/home\/wp-json\/wp\/v2\/pages\/383","targetHints":{"allow":["GET"]}}],"collection":[{"href":"https:\/\/geneagesves.eu\/home\/wp-json\/wp\/v2\/pages"}],"about":[{"href":"https:\/\/geneagesves.eu\/home\/wp-json\/wp\/v2\/types\/page"}],"author":[{"embeddable":true,"href":"https:\/\/geneagesves.eu\/home\/wp-json\/wp\/v2\/users\/1"}],"replies":[{"embeddable":true,"href":"https:\/\/geneagesves.eu\/home\/wp-json\/wp\/v2\/comments?post=383"}],"version-history":[{"count":4,"href":"https:\/\/geneagesves.eu\/home\/wp-json\/wp\/v2\/pages\/383\/revisions"}],"predecessor-version":[{"id":388,"href":"https:\/\/geneagesves.eu\/home\/wp-json\/wp\/v2\/pages\/383\/revisions\/388"}],"wp:attachment":[{"href":"https:\/\/geneagesves.eu\/home\/wp-json\/wp\/v2\/media?parent=383"}],"curies":[{"name":"wp","href":"https:\/\/api.w.org\/{rel}","templated":true}]}}